{"id":86395,"date":"2025-07-02T08:26:47","date_gmt":"2025-07-02T09:26:47","guid":{"rendered":"https:\/\/www.verificat.cat\/?page_id=86395"},"modified":"2025-10-29T10:03:22","modified_gmt":"2025-10-29T11:03:22","slug":"neutralidad-e-independencia-editorial-2","status":"publish","type":"page","link":"https:\/\/www.verificat.cat\/es\/nosotros\/neutralidad-e-independencia-editorial-2\/","title":{"rendered":"La organizaci\u00f3n"},"content":{"rendered":"<style>.kb-row-layout-id86395_31b969-49 > .kt-row-column-wrap{align-content:start;}:where(.kb-row-layout-id86395_31b969-49 > .kt-row-column-wrap) > .wp-block-kadence-column{justify-content:start;}.kb-row-layout-id86395_31b969-49 > .kt-row-column-wrap{column-gap:var(--global-kb-gap-md, 2rem);row-gap:var(--global-kb-gap-md, 2rem);max-width:1220px;margin-left:auto;margin-right:auto;padding-top:0px;padding-bottom:0px;grid-template-columns:minmax(0, calc(70% - ((var(--global-kb-gap-md, 2rem) * 1 )\/2)))minmax(0, calc(30% - ((var(--global-kb-gap-md, 2rem) * 1 )\/2)));}.kb-row-layout-id86395_31b969-49 > .kt-row-layout-overlay{opacity:0.30;}@media all and (max-width: 1024px){.kb-row-layout-id86395_31b969-49 > .kt-row-column-wrap{grid-template-columns:repeat(2, minmax(0, 1fr));}}@media all and (max-width: 767px){.kb-row-layout-id86395_31b969-49 > .kt-row-column-wrap{grid-template-columns:minmax(0, 1fr);}.kb-row-layout-id86395_31b969-49 > .kt-row-column-wrap > .wp-block-kadence-column:nth-child(1 of *:not(style)){order:2;}.kb-row-layout-id86395_31b969-49 > .kt-row-column-wrap > .wp-block-kadence-column:nth-child(2 of *:not(style)){order:1;}.kb-row-layout-id86395_31b969-49 > .kt-row-column-wrap > .wp-block-kadence-column:nth-child(3 of *:not(style)){order:12;}.kb-row-layout-id86395_31b969-49 > .kt-row-column-wrap > .wp-block-kadence-column:nth-child(4 of *:not(style)){order:11;}.kb-row-layout-id86395_31b969-49 > .kt-row-column-wrap > .wp-block-kadence-column:nth-child(5 of *:not(style)){order:22;}.kb-row-layout-id86395_31b969-49 > .kt-row-column-wrap > .wp-block-kadence-column:nth-child(6 of *:not(style)){order:21;}.kb-row-layout-id86395_31b969-49 > .kt-row-column-wrap > .wp-block-kadence-column:nth-child(7 of *:not(style)){order:32;}.kb-row-layout-id86395_31b969-49 > .kt-row-column-wrap > .wp-block-kadence-column:nth-child(8 of *:not(style)){order:31;}}<\/style><div class=\"kb-row-layout-wrap kb-row-layout-id86395_31b969-49 alignnone header_inside_01 wp-block-kadence-rowlayout\"><div class=\"kt-row-column-wrap kt-has-2-columns kt-row-layout-equal kt-tab-layout-inherit kt-mobile-layout-row kt-row-valign-top\">\n<style>.kadence-column86395_f68edd-a4 > .kt-inside-inner-col,.kadence-column86395_f68edd-a4 > .kt-inside-inner-col:before{border-top-left-radius:0px;border-top-right-radius:0px;border-bottom-right-radius:0px;border-bottom-left-radius:0px;}.kadence-column86395_f68edd-a4 > .kt-inside-inner-col{column-gap:var(--global-kb-gap-sm, 1rem);}.kadence-column86395_f68edd-a4 > .kt-inside-inner-col{flex-direction:column;}.kadence-column86395_f68edd-a4 > .kt-inside-inner-col > .aligncenter{width:100%;}.kadence-column86395_f68edd-a4 > .kt-inside-inner-col:before{opacity:0.3;}.kadence-column86395_f68edd-a4{position:relative;}@media all and (max-width: 1024px){.kadence-column86395_f68edd-a4 > .kt-inside-inner-col{flex-direction:column;justify-content:center;}}@media all and (max-width: 767px){.kadence-column86395_f68edd-a4 > .kt-inside-inner-col{flex-direction:column;justify-content:center;}}<\/style>\n<div class=\"wp-block-kadence-column kadence-column86395_f68edd-a4\"><div class=\"kt-inside-inner-col\">\n<h1 class=\"wp-block-heading\">La organizaci\u00f3n<\/h1>\n\n\n\n<p>Verificat es una Asociaci\u00f3n independiente y sin \u00e1nimo de lucro, registrada el 5\/6\/2019 en el Registro de Entidades de la Generalitat de Catalu\u00f1a con n\u00famero de inscripci\u00f3n 65912. La presidenta de la Asociaci\u00f3n es <a href=\"https:\/\/www.verificat.cat\/es\/alba-tobella\/\">Alba Tobella Mayans<\/a> y el vicepresidente es <a href=\"https:\/\/www.verificat.cat\/es\/lorenzo-marini\/\">Lorenzo Marini<\/a>, que son tambi\u00e9n codirectores. En octubre de 2025, <a href=\"https:\/\/www.verificat.cat\/es\/carola_sole_cast\/\">Carola Sol\u00e9 Casas<\/a> es la secretaria y completa la Junta Directiva.<\/p>\n<\/div><\/div>\n\n\n<style>.kadence-column86395_b80786-68 > .kt-inside-inner-col{display:flex;}.kadence-column86395_b80786-68 > .kt-inside-inner-col{padding-top:var(--global-kb-spacing-xl, 4rem);padding-right:var(--global-kb-spacing-lg, 3rem);padding-left:0px;}.kadence-column86395_b80786-68 > .kt-inside-inner-col,.kadence-column86395_b80786-68 > .kt-inside-inner-col:before{border-top-left-radius:0px;border-top-right-radius:0px;border-bottom-right-radius:0px;border-bottom-left-radius:0px;}.kadence-column86395_b80786-68 > .kt-inside-inner-col{column-gap:var(--global-kb-gap-sm, 1rem);}.kadence-column86395_b80786-68 > .kt-inside-inner-col{flex-direction:column;align-items:flex-end;}.kadence-column86395_b80786-68 > .kt-inside-inner-col > .kb-image-is-ratio-size{align-self:stretch;}.kadence-column86395_b80786-68 > .kt-inside-inner-col > .wp-block-kadence-advancedgallery{align-self:stretch;}.kadence-column86395_b80786-68 > .kt-inside-inner-col > .aligncenter{width:100%;}.kadence-column86395_b80786-68 > .kt-inside-inner-col:before{opacity:0.3;}.kadence-column86395_b80786-68{position:relative;}@media all and (max-width: 1024px){.kadence-column86395_b80786-68 > .kt-inside-inner-col{flex-direction:column;justify-content:center;align-items:flex-end;}}@media all and (max-width: 767px){.kadence-column86395_b80786-68 > .kt-inside-inner-col{flex-direction:column;justify-content:center;align-items:flex-end;}}<\/style>\n<div class=\"wp-block-kadence-column kadence-column86395_b80786-68 animated fadeInRight\"><div class=\"kt-inside-inner-col\"><nav class=\"is-responsive  is-vertical wp-block-navigation is-layout-flex wp-container-core-navigation-is-layout-8cf370e7 wp-block-navigation-is-layout-flex\" aria-label=\"Men\u00fa nosotros ES\" \n\t\t data-wp-interactive=\"core\/navigation\" data-wp-context='{\"overlayOpenedBy\":{\"click\":false,\"hover\":false,\"focus\":false},\"type\":\"overlay\",\"roleAttribute\":\"\",\"ariaLabel\":\"Men\\u00fa\"}'><button aria-haspopup=\"dialog\" aria-label=\"Abrir el men\u00fa\" class=\"wp-block-navigation__responsive-container-open\" \n\t\t\t\tdata-wp-on--click=\"actions.openMenuOnClick\"\n\t\t\t\tdata-wp-on--keydown=\"actions.handleMenuKeydown\"\n\t\t\t><svg width=\"24\" height=\"24\" xmlns=\"http:\/\/www.w3.org\/2000\/svg\" viewBox=\"0 0 24 24\" aria-hidden=\"true\" focusable=\"false\"><path d=\"M4 7.5h16v1.5H4z\"><\/path><path d=\"M4 15h16v1.5H4z\"><\/path><\/svg><\/button>\n\t\t\t\t<div class=\"wp-block-navigation__responsive-container\"  id=\"modal-1\" \n\t\t\t\tdata-wp-class--has-modal-open=\"state.isMenuOpen\"\n\t\t\t\tdata-wp-class--is-menu-open=\"state.isMenuOpen\"\n\t\t\t\tdata-wp-watch=\"callbacks.initMenu\"\n\t\t\t\tdata-wp-on--keydown=\"actions.handleMenuKeydown\"\n\t\t\t\tdata-wp-on--focusout=\"actions.handleMenuFocusout\"\n\t\t\t\ttabindex=\"-1\"\n\t\t\t>\n\t\t\t\t\t<div class=\"wp-block-navigation__responsive-close\" tabindex=\"-1\">\n\t\t\t\t\t\t<div class=\"wp-block-navigation__responsive-dialog\" \n\t\t\t\tdata-wp-bind--aria-modal=\"state.ariaModal\"\n\t\t\t\tdata-wp-bind--aria-label=\"state.ariaLabel\"\n\t\t\t\tdata-wp-bind--role=\"state.roleAttribute\"\n\t\t\t>\n\t\t\t\t\t\t\t<button aria-label=\"Cerrar el men\u00fa\" class=\"wp-block-navigation__responsive-container-close\" \n\t\t\t\tdata-wp-on--click=\"actions.closeMenuOnClick\"\n\t\t\t><svg xmlns=\"http:\/\/www.w3.org\/2000\/svg\" viewBox=\"0 0 24 24\" width=\"24\" height=\"24\" aria-hidden=\"true\" focusable=\"false\"><path d=\"m13.06 12 6.47-6.47-1.06-1.06L12 10.94 5.53 4.47 4.47 5.53 10.94 12l-6.47 6.47 1.06 1.06L12 13.06l6.47 6.47 1.06-1.06L13.06 12Z\"><\/path><\/svg><\/button>\n\t\t\t\t\t\t\t<div class=\"wp-block-navigation__responsive-container-content\" \n\t\t\t\tdata-wp-watch=\"callbacks.focusFirstElement\"\n\t\t\t id=\"modal-1-content\">\n\t\t\t\t\t\t\t\t<ul class=\"wp-block-navigation__container is-responsive  is-vertical wp-block-navigation\"><li class=\" wp-block-navigation-item wp-block-navigation-link\"><a class=\"wp-block-navigation-item__content\"  href=\"https:\/\/www.verificat.cat\/es\/nosotros\/somos-fact-checkers\/\"><span class=\"wp-block-navigation-item__label\">Somos fact-checkers<\/span><\/a><\/li><li class=\" wp-block-navigation-item wp-block-navigation-link\"><a class=\"wp-block-navigation-item__content\"  href=\"https:\/\/www.verificat.cat\/es\/formacion\/\"><span class=\"wp-block-navigation-item__label\">Formaci\u00f3n y educaci\u00f3n<\/span><\/a><\/li><li class=\" wp-block-navigation-item wp-block-navigation-link\"><a class=\"wp-block-navigation-item__content\"  href=\"https:\/\/www.verificat.cat\/es\/nosotros\/el-equipo\/\"><span class=\"wp-block-navigation-item__label\">El equipo<\/span><\/a><\/li><li class=\" wp-block-navigation-item wp-block-navigation-link\"><a class=\"wp-block-navigation-item__content\"  href=\"https:\/\/www.verificat.cat\/es\/nosotros\/neutralidad-e-independencia-editorial-2\/\"><span class=\"wp-block-navigation-item__label\">La organizaci\u00f3n<\/span><\/a><\/li><li class=\" wp-block-navigation-item wp-block-navigation-link\"><a class=\"wp-block-navigation-item__content\"  href=\"https:\/\/www.verificat.cat\/es\/nosotros\/neutralidad-e-independencia-editorial\/\"><span class=\"wp-block-navigation-item__label\">Neutralidad e independencia<\/span><\/a><\/li><li class=\" wp-block-navigation-item wp-block-navigation-link\"><a class=\"wp-block-navigation-item__content\"  href=\"https:\/\/www.verificat.cat\/es\/nosotros\/financiacion\/\"><span class=\"wp-block-navigation-item__label\">Financiaci\u00f3n<\/span><\/a><\/li><\/ul>\n\t\t\t\t\t\t\t<\/div>\n\t\t\t\t\t\t<\/div>\n\t\t\t\t\t<\/div>\n\t\t\t\t<\/div><\/nav><\/div><\/div>\n\n<\/div><\/div>\n\n\n<div class=\"wp-block-columns is-layout-flex wp-container-core-columns-is-layout-9d6595d7 wp-block-columns-is-layout-flex\">\n<div class=\"wp-block-column is-layout-flow wp-block-column-is-layout-flow\" style=\"flex-basis:100%\"><style>.kb-row-layout-id86395_2350ef-4e > .kt-row-column-wrap{align-content:start;}:where(.kb-row-layout-id86395_2350ef-4e > .kt-row-column-wrap) > .wp-block-kadence-column{justify-content:start;}.kb-row-layout-id86395_2350ef-4e > .kt-row-column-wrap{column-gap:var(--global-kb-gap-md, 2rem);row-gap:var(--global-kb-gap-md, 2rem);max-width:1220px;margin-left:auto;margin-right:auto;grid-template-columns:minmax(0, 1fr);}.kb-row-layout-id86395_2350ef-4e{background-color:#f6f6f6;}.kb-row-layout-id86395_2350ef-4e > .kt-row-layout-overlay{opacity:0.30;}@media all and (max-width: 1024px){.kb-row-layout-id86395_2350ef-4e > .kt-row-column-wrap{grid-template-columns:minmax(0, 1fr);}}@media all and (max-width: 767px){.kb-row-layout-id86395_2350ef-4e > .kt-row-column-wrap{grid-template-columns:minmax(0, 1fr);}}<\/style><div class=\"kb-row-layout-wrap kb-row-layout-id86395_2350ef-4e alignfull kt-row-has-bg box_grey_01 wp-block-kadence-rowlayout\"><div class=\"kt-row-column-wrap kt-has-1-columns kt-row-layout-equal kt-tab-layout-inherit kt-mobile-layout-row kt-row-valign-top\">\n<style>.kadence-column86395_7e630f-0e > .kt-inside-inner-col,.kadence-column86395_7e630f-0e > .kt-inside-inner-col:before{border-top-left-radius:0px;border-top-right-radius:0px;border-bottom-right-radius:0px;border-bottom-left-radius:0px;}.kadence-column86395_7e630f-0e > .kt-inside-inner-col{column-gap:var(--global-kb-gap-sm, 1rem);}.kadence-column86395_7e630f-0e > .kt-inside-inner-col{flex-direction:column;}.kadence-column86395_7e630f-0e > .kt-inside-inner-col > .aligncenter{width:100%;}.kadence-column86395_7e630f-0e > .kt-inside-inner-col:before{opacity:0.3;}.kadence-column86395_7e630f-0e{position:relative;}@media all and (max-width: 1024px){.kadence-column86395_7e630f-0e > .kt-inside-inner-col{flex-direction:column;justify-content:center;}}@media all and (max-width: 767px){.kadence-column86395_7e630f-0e > .kt-inside-inner-col{flex-direction:column;justify-content:center;}}<\/style>\n<div class=\"wp-block-kadence-column kadence-column86395_7e630f-0e\"><div class=\"kt-inside-inner-col\">\n<div class=\"wp-block-columns is-layout-flex wp-container-core-columns-is-layout-9d6595d7 wp-block-columns-is-layout-flex\">\n<div class=\"wp-block-column is-layout-flow wp-block-column-is-layout-flow\">\n<p>Verificat es una Asociaci\u00f3n independiente y sin \u00e1nimo de lucro, registrada el 5\/6\/2019 en el Registro de Entidades de la Generalitat de Catalu\u00f1a con n\u00famero de inscripci\u00f3n 65912. La presidenta de la Asociaci\u00f3n es Alba Tobella Mayans y el vicepresidente es Lorenzo Marini, que son tambi\u00e9n codirectores. En febrero de 2023, Roser Toll es secretaria de la asociaci\u00f3n y Carina Bellver y Carola Sol\u00e9 son vocales de la Junta Directiva.<\/p>\n\n\n\n<p>El <a href=\"https:\/\/drive.google.com\/file\/d\/1KDJ_AFm2_C9HzTUCqyeAwUgJtI_oJRBb\/view?usp=sharing\" target=\"_blank\" rel=\"noopener\">Art\u00edculo 2 de los estatutos de Verificat<\/a> recoge sus fines y actividades:<\/p>\n\n\n\n<ol class=\"wp-block-list\">\n<li>Los fines de la Asociaci\u00f3n son combatir la desinformaci\u00f3n en Catalu\u00f1a y promover la educaci\u00f3n para el fact-checking y el consumo cr\u00edtico de la informaci\u00f3n.<\/li>\n\n\n\n<li>Para alcanzar sus objetivos, la Asociaci\u00f3n realiza, entre otras, las siguientes actividades por s\u00ed misma o en colaboraci\u00f3n con otras entidades con fines compatibles con los de la Asociaci\u00f3n: a) Verificar el discurso pol\u00edtico y la desinformaci\u00f3n difundida en redes sociales con herramientas period\u00edsticas y tecnol\u00f3gicas. b) Desarrollar actividades de capacitaci\u00f3n y promover la creaci\u00f3n de iniciativas de colaboraci\u00f3n con los sectores p\u00fablico, privado y la sociedad civil en torno a los objetivos y fines de la Asociaci\u00f3n. c) Desarrollo, colaboraci\u00f3n y promoci\u00f3n de actividades con personas, entidades, instituciones y administraciones p\u00fablicas y privadas, personal investigador, centros y universidades en todos los aspectos relacionados con los fines de la Asociaci\u00f3n. d) La realizaci\u00f3n de actividades de formaci\u00f3n permanente dirigidas al profesorado de nivel no universitario. e) Desarrollo de actividades de investigaci\u00f3n, organizaci\u00f3n de cursos, conferencias, congresos, foros de debate y otros actos similares sobre temas relacionados con los fines de la Asociaci\u00f3n. f) Publicaci\u00f3n, con car\u00e1cter peri\u00f3dico o puntual, por s\u00ed misma o por medio de empresas editoriales, de art\u00edculos, libros, manuales, revistas y folletos relacionados con los fines de la Asociaci\u00f3n. g) Cualesquiera otras actividades que permitan a la Asociaci\u00f3n un mejor cumplimiento de sus fines.<\/li>\n<\/ol>\n<\/div>\n<\/div>\n<\/div><\/div>\n\n<\/div><\/div><\/div>\n<\/div>\n\n\n\n<p><\/p>\n","protected":false},"excerpt":{"rendered":"<p>Somos una entidad independiente con un enfoque neutral e imparcial en todos los temas que tratamos. <\/p>\n","protected":false},"author":42,"featured_media":0,"parent":64610,"menu_order":0,"comment_status":"closed","ping_status":"closed","template":"templates\/template-builder.php","meta":{"inline_featured_image":false,"_kad_blocks_custom_css":"","_kad_blocks_head_custom_js":"","_kad_blocks_body_custom_js":"","_kad_blocks_footer_custom_js":"","footnotes":""},"class_list":["post-86395","page","type-page","status-publish","hentry","post","without-featured-image"],"taxonomy_info":[],"featured_image_src_large":false,"author_info":{"display_name":"Biel","author_link":"https:\/\/www.verificat.cat\/es\/author\/biel\/"},"comment_info":0,"_links":{"self":[{"href":"https:\/\/www.verificat.cat\/es\/wp-json\/wp\/v2\/pages\/86395","targetHints":{"allow":["GET"]}}],"collection":[{"href":"https:\/\/www.verificat.cat\/es\/wp-json\/wp\/v2\/pages"}],"about":[{"href":"https:\/\/www.verificat.cat\/es\/wp-json\/wp\/v2\/types\/page"}],"author":[{"embeddable":true,"href":"https:\/\/www.verificat.cat\/es\/wp-json\/wp\/v2\/users\/42"}],"replies":[{"embeddable":true,"href":"https:\/\/www.verificat.cat\/es\/wp-json\/wp\/v2\/comments?post=86395"}],"version-history":[{"count":8,"href":"https:\/\/www.verificat.cat\/es\/wp-json\/wp\/v2\/pages\/86395\/revisions"}],"predecessor-version":[{"id":88955,"href":"https:\/\/www.verificat.cat\/es\/wp-json\/wp\/v2\/pages\/86395\/revisions\/88955"}],"up":[{"embeddable":true,"href":"https:\/\/www.verificat.cat\/es\/wp-json\/wp\/v2\/pages\/64610"}],"wp:attachment":[{"href":"https:\/\/www.verificat.cat\/es\/wp-json\/wp\/v2\/media?parent=86395"}],"curies":[{"name":"wp","href":"https:\/\/api.w.org\/{rel}","templated":true}]}}